{"id":398,"date":"2025-02-19T21:47:05","date_gmt":"2025-02-19T20:47:05","guid":{"rendered":"https:\/\/my-testing-area.de\/?page_id=398"},"modified":"2025-03-02T22:31:02","modified_gmt":"2025-03-02T21:31:02","slug":"umwelt","status":"publish","type":"page","link":"https:\/\/my-testing-area.de\/?page_id=398","title":{"rendered":"Umwelt"},"content":{"rendered":"<p>[et_pb_section fb_built=&#8220;1&#8243; disabled_on=&#8220;off|off|off&#8220; admin_label=&#8220;Men\u00fc&#8220; _builder_version=&#8220;4.27.4&#8243; _module_preset=&#8220;default&#8220; background_color=&#8220;#0b38bf&#8220; positioning=&#8220;none&#8220; vertical_offset=&#8220;0px&#8220; z_index=&#8220;264&#8243; min_height=&#8220;70px&#8220; min_height_tablet=&#8220;70px&#8220; min_height_phone=&#8220;70px&#8220; min_height_last_edited=&#8220;on|desktop&#8220; height=&#8220;70px&#8220; height_tablet=&#8220;70px&#8220; height_phone=&#8220;70px&#8220; height_last_edited=&#8220;on|phone&#8220; max_height=&#8220;70px&#8220; max_height_tablet=&#8220;70px&#8220; max_height_phone=&#8220;70px&#8220; max_height_last_edited=&#8220;on|tablet&#8220; custom_margin=&#8220;||||false|false&#8220; custom_padding=&#8220;||||false|false&#8220; collapsed=&#8220;off&#8220; global_colors_info=&#8220;{}&#8220;][et_pb_row disabled_on=&#8220;off|off|off&#8220; _builder_version=&#8220;4.27.4&#8243; _module_preset=&#8220;default&#8220; background_enable_color=&#8220;off&#8220; positioning=&#8220;absolute&#8220; width=&#8220;100%&#8220; width_tablet=&#8220;100%&#8220; width_phone=&#8220;100%&#8220; width_last_edited=&#8220;on|phone&#8220; max_width=&#8220;none&#8220; sticky_position=&#8220;top&#8220; global_colors_info=&#8220;{}&#8220;][et_pb_column type=&#8220;4_4&#8243; _builder_version=&#8220;4.27.4&#8243; _module_preset=&#8220;default&#8220; global_colors_info=&#8220;{}&#8220;][et_pb_menu dropdown_menu_bg_color=&#8220;#0b38bf&#8220; mobile_menu_bg_color=&#8220;#0b38bf&#8220; logo=&#8220;https:\/\/my-testing-area.de\/wp-content\/uploads\/2025\/01\/Hausbau_Agentur_Kuepper_GmbH_Bold_Larger.png&#8220; logo_url=&#8220;@ET-DC@eyJkeW5hbWljIjp0cnVlLCJjb250ZW50IjoicG9zdF9saW5rX3VybF9wYWdlIiwic2V0dGluZ3MiOnsicG9zdF9pZCI6IjgifX0=@&#8220; logo_width=&#8220;400px&#8220; menu_icon_color=&#8220;#FFFFFF&#8220; logo_width_tablet=&#8220;400px&#8220; logo_width_phone=&#8220;300px&#8220; logo_width_last_edited=&#8220;on|tablet&#8220; disabled_on=&#8220;off|off|off&#8220; _builder_version=&#8220;4.27.4&#8243; _dynamic_attributes=&#8220;logo_url&#8220; _module_preset=&#8220;default&#8220; menu_font=&#8220;&#8211;et_global_heading_font|900|||||||&#8220; menu_text_color=&#8220;#FFFFFF&#8220; menu_font_size=&#8220;18px&#8220; background_enable_color=&#8220;off&#8220; positioning=&#8220;absolute&#8220; vertical_offset=&#8220;-20px&#8220; vertical_offset_tablet=&#8220;-25px&#8220; vertical_offset_phone=&#8220;-15px&#8220; vertical_offset_last_edited=&#8220;on|phone&#8220; width=&#8220;100%&#8220; custom_margin=&#8220;||||false|false&#8220; custom_padding=&#8220;|25px|||false|false&#8220; custom_padding_tablet=&#8220;|25px|||false|false&#8220; custom_padding_phone=&#8220;|25px|||false|false&#8220; custom_padding_last_edited=&#8220;on|phone&#8220; border_width_all=&#8220;0px&#8220; border_color_all=&#8220;#000000&#8243; global_colors_info=&#8220;{}&#8220; menu_text_color__hover_enabled=&#8220;on|hover&#8220; menu_text_color__hover=&#8220;#EDF000&#8243;][\/et_pb_menu][et_pb_button button_url=&#8220;@ET-DC@eyJkeW5hbWljIjp0cnVlLCJjb250ZW50IjoicG9zdF9saW5rX3VybF9wYWdlIiwic2V0dGluZ3MiOnsicG9zdF9pZCI6IjQ3OSJ9fQ==@&#8220; button_text=&#8220;Kontakt&#8220; button_alignment=&#8220;right&#8220; disabled_on=&#8220;on|on|off&#8220; admin_label=&#8220;Kontakt-Button&#8220; _builder_version=&#8220;4.27.4&#8243; _dynamic_attributes=&#8220;button_url&#8220; _module_preset=&#8220;default&#8220; custom_button=&#8220;on&#8220; button_text_color=&#8220;#FFFFFF&#8220; button_border_width=&#8220;3px&#8220; button_on_hover=&#8220;off&#8220; positioning=&#8220;absolute&#8220; position_origin_a=&#8220;top_right&#8220; vertical_offset=&#8220;-20px&#8220; custom_margin=&#8220;20px|25px|||false|false&#8220; button_bg_color_tablet=&#8220;&#8220; button_bg_color_phone=&#8220;&#8220; button_bg_color_last_edited=&#8220;on|phone&#8220; button_border_color_last_edited=&#8220;off|phone&#8220; global_colors_info=&#8220;{}&#8220; button_text_color__hover_enabled=&#8220;on|hover&#8220; button_border_width__hover_enabled=&#8220;on|hover&#8220; button_border_color__hover_enabled=&#8220;on|hover&#8220; button_border_radius__hover_enabled=&#8220;on|hover&#8220; button_icon_color__hover_enabled=&#8220;on|hover&#8220; button_bg_color__hover_enabled=&#8220;on|hover&#8220; button_bg_color__hover=&#8220;RGBA(255,255,255,0)&#8220; button_bg_enable_color__hover=&#8220;on&#8220; button_border_color__hover=&#8220;#EDF000&#8243; button_text_color__hover=&#8220;#FFFFFF&#8220; button_border_width__hover=&#8220;3px&#8220;][\/et_pb_button][\/et_pb_column][\/et_pb_row][\/et_pb_section][et_pb_section fb_built=&#8220;1&#8243; _builder_version=&#8220;4.27.4&#8243; _module_preset=&#8220;default&#8220; custom_padding=&#8220;||4px|||&#8220; global_colors_info=&#8220;{}&#8220;][et_pb_row _builder_version=&#8220;4.27.4&#8243; _module_preset=&#8220;default&#8220; global_colors_info=&#8220;{}&#8220;][et_pb_column type=&#8220;4_4&#8243; _builder_version=&#8220;4.27.4&#8243; _module_preset=&#8220;default&#8220; global_colors_info=&#8220;{}&#8220;][et_pb_heading title=&#8220;Umwelt&#8220; _builder_version=&#8220;4.27.4&#8243; _module_preset=&#8220;default&#8220; title_font=&#8220;|800|||||||&#8220; title_text_align=&#8220;center&#8220; title_text_color=&#8220;#0b38bf&#8220; title_font_size=&#8220;40px&#8220; global_colors_info=&#8220;{}&#8220;][\/et_pb_heading][\/et_pb_column][\/et_pb_row][et_pb_row _builder_version=&#8220;4.27.4&#8243; _module_preset=&#8220;default&#8220; global_colors_info=&#8220;{}&#8220;][et_pb_column type=&#8220;4_4&#8243; _builder_version=&#8220;4.27.4&#8243; _module_preset=&#8220;default&#8220; global_colors_info=&#8220;{}&#8220;][dnxte_divider dnext_sid_icon_color=&#8220;#0b38bf&#8220; dnext_sid_icon_font_size=&#8220;40px&#8220; dnext_sid_divider_color=&#8220;#0b38bf&#8220; dnext_sid_divider_width=&#8220;3px&#8220; _builder_version=&#8220;4.27.4&#8243; _module_preset=&#8220;default&#8220; global_colors_info=&#8220;{}&#8220;][\/dnxte_divider][\/et_pb_column][\/et_pb_row][\/et_pb_section][et_pb_section fb_built=&#8220;1&#8243; _builder_version=&#8220;4.27.4&#8243; _module_preset=&#8220;default&#8220; custom_padding=&#8220;3px|||||&#8220; global_colors_info=&#8220;{}&#8220;][et_pb_row column_structure=&#8220;1_2,1_2&#8243; _builder_version=&#8220;4.27.4&#8243; _module_preset=&#8220;default&#8220; width=&#8220;90%&#8220; max_width=&#8220;100%&#8220; global_colors_info=&#8220;{}&#8220; custom_margin__hover_enabled=&#8220;off|desktop&#8220;][et_pb_column type=&#8220;1_2&#8243; _builder_version=&#8220;4.27.4&#8243; _module_preset=&#8220;default&#8220; global_colors_info=&#8220;{}&#8220;][et_pb_text _builder_version=&#8220;4.27.4&#8243; _module_preset=&#8220;default&#8220; global_colors_info=&#8220;{}&#8220;]<\/p>\n<p><span style=\"color: #000000;\"><b>Energieeffizienz<\/b> <b>ist<\/b> <b>keine<\/b><b> Frage des <\/b><b>Geldes<\/b><b>, <\/b><b>wenn<\/b><b> es um die <\/b><b>Bauweise<\/b> <b>geht.<br \/><\/b><b>Ein <\/b><b>Effizienzhaus<\/b> <b>l\u00e4sst<\/b> <b>sich<\/b><b> in <\/b><b>Holzbauweise<\/b><b> und <\/b><b>Massivbauweise<\/b> <b>errichten<\/b><b>. <\/b><\/span><\/p>\n<p><span style=\"color: #000000;\">In Zeiten steigender Energiekosten und wachsender Umweltbelastungen ist es wichtiger denn je, auf energieeffizientes Wohnen zu setzen. Die Bauweise spielt dabei keine Rolle.<\/span><\/p>\n<p><span style=\"color: #000000;\">Der Begriff Effizienzhaus ist ein Energiestandard f\u00fcr Wohngeb\u00e4ude, den die Kreditanstalt f\u00fcr Wiederaufbau (KfW) in Deutschland eingef\u00fchrt hat.<\/span><\/p>\n<p><span style=\"color: #000000;\">Effizienzh\u00e4user sind Geb\u00e4ude, die sich durch eine besonders energieeffiziente Bauweise und Geb\u00e4udetechnik auszeichnen und die eine h\u00f6here <a href=\"https:\/\/de.wikipedia.org\/wiki\/Energieeffizienz\" style=\"color: #000000;\">Energieeffizienz<\/a> erreichen als vom Gesetzgeber vorgeschrieben. Gemessen wird die Energieeffizienz eines Geb\u00e4udes anhand des <a href=\"https:\/\/de.wikipedia.org\/wiki\/Transmissionsw%C3%A4rmeverlust\" style=\"color: #000000;\">Transmissionsw\u00e4rmeverlustes<\/a> (W\u00e4rmeverlust durch die Geb\u00e4udeh\u00fclle wie D\u00e4mmung und Fenster) und darauf aufbauend des Jahresprim\u00e4renergiebedarfs (einen gro\u00dfen Einfluss hat der genutzte Energietr\u00e4ger). Seit dem November 2020 definiert das Geb\u00e4udeenergiegesetz (GEG) f\u00fcr diese Kennzahlen die Ermittlung von Referenzwerten. Aufbauend auf der Energieeinsparverordnung (EnEV) 2009 erfolgt die Zuordnung in verschiedene staatliche F\u00f6rderstandards der KfW. Es gelten verschiedene KfW-Effizienzhaus-Standards f\u00fcr Neubauten.<\/span><\/p>\n<p>[\/et_pb_text][\/et_pb_column][et_pb_column type=&#8220;1_2&#8243; _builder_version=&#8220;4.27.4&#8243; _module_preset=&#8220;default&#8220; global_colors_info=&#8220;{}&#8220;][et_pb_image src=&#8220;https:\/\/my-testing-area.de\/wp-content\/uploads\/2025\/02\/Picture-1-4.png&#8220; title_text=&#8220;Picture 1&#8243; show_bottom_space=&#8220;off&#8220; _builder_version=&#8220;4.27.4&#8243; _module_preset=&#8220;default&#8220; custom_margin=&#8220;||||false|false&#8220; custom_padding=&#8220;||||true|false&#8220; hover_enabled=&#8220;0&#8243; global_colors_info=&#8220;{}&#8220; sticky_enabled=&#8220;0&#8243; disabled_on=&#8220;on|on|off&#8220; animation_style=&#8220;zoom&#8220; animation_direction=&#8220;top&#8220;][\/et_pb_image][\/et_pb_column][\/et_pb_row][et_pb_row column_structure=&#8220;1_2,1_2&#8243; _builder_version=&#8220;4.27.4&#8243; _module_preset=&#8220;default&#8220; width=&#8220;90%&#8220; max_width=&#8220;100%&#8220; global_colors_info=&#8220;{}&#8220; custom_padding=&#8220;5px|||||&#8220;][et_pb_column type=&#8220;1_2&#8243; _builder_version=&#8220;4.27.4&#8243; _module_preset=&#8220;default&#8220; global_colors_info=&#8220;{}&#8220;][et_pb_image src=&#8220;https:\/\/my-testing-area.de\/wp-content\/uploads\/2025\/02\/Picture-2-2.png&#8220; title_text=&#8220;Picture 2&#8243; _builder_version=&#8220;4.27.4&#8243; _module_preset=&#8220;default&#8220; hover_enabled=&#8220;0&#8243; global_colors_info=&#8220;{}&#8220; animation_style=&#8220;zoom&#8220; animation_direction=&#8220;top&#8220; sticky_enabled=&#8220;0&#8243; width_last_edited=&#8220;on|tablet&#8220; width_tablet=&#8220;65%&#8220; module_alignment=&#8220;center&#8220; width_phone=&#8220;65%&#8220;][\/et_pb_image][\/et_pb_column][et_pb_column type=&#8220;1_2&#8243; _builder_version=&#8220;4.27.4&#8243; _module_preset=&#8220;default&#8220; global_colors_info=&#8220;{}&#8220;][et_pb_text _builder_version=&#8220;4.27.4&#8243; _module_preset=&#8220;default&#8220; global_colors_info=&#8220;{}&#8220; custom_margin=&#8220;32px|||||&#8220;]<\/p>\n<p><span style=\"color: #000000;\"><b>\u00d6kologisches<\/b> <b>Bauen<\/b> <b>ist<\/b> <b>ein<\/b> <b>gesteuerter<\/b> <b>ganzheitlicher<\/b> <b>Prozess<\/b><b> f\u00fcr die <\/b><b>Erstellung<\/b><b> von <\/b><b>Geb\u00e4uden<\/b><b>, die <\/b><b>Nutzung<\/b><b> des <\/b><b>Geb\u00e4udes<\/b><b> und die <\/b><b>sp\u00e4tere<\/b> <b>Sanierung<\/b> <b>oder<\/b> <b>Abriss<\/b><\/span><\/p>\n<p><span style=\"color: #000000;\">Man muss keine eigenen Kinder haben, um den Sinn \u00f6kologischen Bauens vor Augen zu haben. Ziel f\u00fcr alle sollte sein, Umwelt und Ressourcen zu schonen, klimaverbessernde Ma\u00dfnahmen in das Geb\u00e4ude zu integrieren, sowie dauerhaft ein gesundes Wohnumfeld f\u00fcr die Bewohner zu sichern. Dabei soll sich das Geb\u00e4ude bei Material- und Technikauswahl am Prinzip der<\/span><\/p>\n<p><span style=\"color: #000000;\">Nachhaltigkeit ausrichten und messbar zur Reduktion des CO2-Ausstosses beitragen. Gleichzeitig soll sich die Effizienzsteigerung der Geb\u00e4ude w\u00e4hrend der Nutzungsphase durch sparsamen Energiever brauch und einer damit verbundenen Senkung der Betriebskosten auch wirtschaftlich widerspiegeln.<\/span><\/p>\n<p><span style=\"color: #000000;\">Nach der Nutzung soll der Abriss des Geb\u00e4udes keine unn\u00f6tigen \u00f6kologischen und betriebs wirtschaftlichen Kosten verursachen, die durch Baustoffe entstehen, die nicht \u2013 oder nur aufw\u00e4ndig und kostenintensiv \u2013 umweltgerecht entsorgt werden k\u00f6nnen und in der Regel kaum recyclebar sind. Das zieht zwangsl\u00e4ufig die Auswahl schadstoffarmer, umweltvertr\u00e4glicher und dauerhafter Baumaterialien nach sich. Damit diese vielf\u00e4ltigen Anforderungen erf\u00fcllt werden k\u00f6nnen, m\u00fcssen wesentliche Aspekte bei Planung und Entwurf beachtet werden.<\/span><\/p>\n<p>[\/et_pb_text][\/et_pb_column][\/et_pb_row][\/et_pb_section]<\/p>\n","protected":false},"excerpt":{"rendered":"<p><div class=\"et_pb_module dnxte_divider dnxte_divider_0\">\n\t\t\t\t\n\t\t\t\t\n\t\t\t\t\n\t\t\t\t\n\t\t\t\t\n\t\t\t\t\n\t\t\t\t<div class=\"et_pb_module_inner\">\n\t\t\t\t\t<div class=\"dnext-sid-text-divider-wrapper \">\n\t\t\t\t<div class=\"dnext-sid-text-divider-before dnext-sid-text-divider\"><\/div>\n\t\t\t\t<span class=\"dnext-sid-text-divider-icon\">7<\/span>\n\t\t\t\t\n\t\t\t\t<div class=\"dnext-sid-text-divider-after dnext-sid-text-divider\"><\/div>\n\t\t\t<\/div>\n\t\t\t\t<\/div>\n\t\t\t<\/div>Energieeffizienz ist keine Frage des Geldes, wenn es um die Bauweise geht.Ein Effizienzhaus l\u00e4sst sich in Holzbauweise und Massivbauweise errichten. In Zeiten steigender Energiekosten und wachsender Umweltbelastungen ist es wichtiger denn je, auf energieeffizientes Wohnen zu setzen. Die Bauweise spielt dabei keine Rolle. Der Begriff Effizienzhaus ist ein [&hellip;]<\/p>\n","protected":false},"author":1,"featured_media":0,"parent":0,"menu_order":0,"comment_status":"closed","ping_status":"closed","template":"","meta":{"_et_pb_use_builder":"on","_et_pb_old_content":"","_et_gb_content_width":"","footnotes":""},"class_list":["post-398","page","type-page","status-publish","hentry"],"_links":{"self":[{"href":"https:\/\/my-testing-area.de\/index.php?rest_route=\/wp\/v2\/pages\/398","targetHints":{"allow":["GET"]}}],"collection":[{"href":"https:\/\/my-testing-area.de\/index.php?rest_route=\/wp\/v2\/pages"}],"about":[{"href":"https:\/\/my-testing-area.de\/index.php?rest_route=\/wp\/v2\/types\/page"}],"author":[{"embeddable":true,"href":"https:\/\/my-testing-area.de\/index.php?rest_route=\/wp\/v2\/users\/1"}],"replies":[{"embeddable":true,"href":"https:\/\/my-testing-area.de\/index.php?rest_route=%2Fwp%2Fv2%2Fcomments&post=398"}],"version-history":[{"count":11,"href":"https:\/\/my-testing-area.de\/index.php?rest_route=\/wp\/v2\/pages\/398\/revisions"}],"predecessor-version":[{"id":592,"href":"https:\/\/my-testing-area.de\/index.php?rest_route=\/wp\/v2\/pages\/398\/revisions\/592"}],"wp:attachment":[{"href":"https:\/\/my-testing-area.de\/index.php?rest_route=%2Fwp%2Fv2%2Fmedia&parent=398"}],"curies":[{"name":"wp","href":"https:\/\/api.w.org\/{rel}","templated":true}]}}