{"id":56,"date":"2025-01-22T21:30:35","date_gmt":"2025-01-22T21:30:35","guid":{"rendered":"https:\/\/my-testing-area.de\/?page_id=56"},"modified":"2025-03-02T18:18:26","modified_gmt":"2025-03-02T17:18:26","slug":"ueber-uns","status":"publish","type":"page","link":"https:\/\/my-testing-area.de\/?page_id=56","title":{"rendered":"\u00dcber uns"},"content":{"rendered":"<p>[et_pb_section fb_built=&#8220;1&#8243; disabled_on=&#8220;off|off|off&#8220; admin_label=&#8220;Men\u00fc&#8220; _builder_version=&#8220;4.27.4&#8243; _module_preset=&#8220;default&#8220; background_color=&#8220;#0b38bf&#8220; positioning=&#8220;none&#8220; vertical_offset=&#8220;0px&#8220; z_index=&#8220;264&#8243; min_height=&#8220;70px&#8220; min_height_tablet=&#8220;70px&#8220; min_height_phone=&#8220;70px&#8220; min_height_last_edited=&#8220;on|desktop&#8220; height=&#8220;70px&#8220; height_tablet=&#8220;70px&#8220; height_phone=&#8220;70px&#8220; height_last_edited=&#8220;on|phone&#8220; max_height=&#8220;70px&#8220; max_height_tablet=&#8220;70px&#8220; max_height_phone=&#8220;70px&#8220; max_height_last_edited=&#8220;on|tablet&#8220; custom_margin=&#8220;||||false|false&#8220; custom_padding=&#8220;||||false|false&#8220; collapsed=&#8220;on&#8220; global_colors_info=&#8220;{}&#8220;][et_pb_row disabled_on=&#8220;off|off|off&#8220; _builder_version=&#8220;4.27.4&#8243; _module_preset=&#8220;default&#8220; background_enable_color=&#8220;off&#8220; positioning=&#8220;absolute&#8220; width=&#8220;100%&#8220; width_tablet=&#8220;100%&#8220; width_phone=&#8220;100%&#8220; width_last_edited=&#8220;on|phone&#8220; max_width=&#8220;none&#8220; sticky_position=&#8220;top&#8220; global_colors_info=&#8220;{}&#8220;][et_pb_column type=&#8220;4_4&#8243; _builder_version=&#8220;4.27.4&#8243; _module_preset=&#8220;default&#8220; global_colors_info=&#8220;{}&#8220;][et_pb_menu dropdown_menu_bg_color=&#8220;#0b38bf&#8220; mobile_menu_bg_color=&#8220;#0b38bf&#8220; logo=&#8220;https:\/\/my-testing-area.de\/wp-content\/uploads\/2025\/01\/Hausbau_Agentur_Kuepper_GmbH_Bold_Larger.png&#8220; logo_url=&#8220;@ET-DC@eyJkeW5hbWljIjp0cnVlLCJjb250ZW50IjoicG9zdF9saW5rX3VybF9wYWdlIiwic2V0dGluZ3MiOnsicG9zdF9pZCI6IjgifX0=@&#8220; logo_width=&#8220;400px&#8220; menu_icon_color=&#8220;#FFFFFF&#8220; logo_width_tablet=&#8220;400px&#8220; logo_width_phone=&#8220;300px&#8220; logo_width_last_edited=&#8220;on|tablet&#8220; disabled_on=&#8220;off|off|off&#8220; _builder_version=&#8220;4.27.4&#8243; _dynamic_attributes=&#8220;logo_url&#8220; _module_preset=&#8220;default&#8220; menu_font=&#8220;&#8211;et_global_heading_font|900|||||||&#8220; menu_text_color=&#8220;#FFFFFF&#8220; menu_font_size=&#8220;18px&#8220; background_enable_color=&#8220;off&#8220; positioning=&#8220;absolute&#8220; vertical_offset=&#8220;-20px&#8220; vertical_offset_tablet=&#8220;-25px&#8220; vertical_offset_phone=&#8220;-15px&#8220; vertical_offset_last_edited=&#8220;on|phone&#8220; width=&#8220;100%&#8220; custom_margin=&#8220;||||false|false&#8220; custom_padding=&#8220;|25px|||false|false&#8220; custom_padding_tablet=&#8220;|25px|||false|false&#8220; custom_padding_phone=&#8220;|25px|||false|false&#8220; custom_padding_last_edited=&#8220;on|phone&#8220; border_width_all=&#8220;0px&#8220; border_color_all=&#8220;#000000&#8243; global_colors_info=&#8220;{}&#8220; menu_text_color__hover_enabled=&#8220;on|hover&#8220; menu_text_color__hover=&#8220;#EDF000&#8243;][\/et_pb_menu][et_pb_button button_text=&#8220;Kontakt&#8220; button_alignment=&#8220;right&#8220; disabled_on=&#8220;on|on|off&#8220; admin_label=&#8220;Kontakt-Button&#8220; _builder_version=&#8220;4.27.4&#8243; _module_preset=&#8220;default&#8220; custom_button=&#8220;on&#8220; button_text_color=&#8220;#FFFFFF&#8220; button_border_width=&#8220;3px&#8220; button_on_hover=&#8220;off&#8220; positioning=&#8220;absolute&#8220; position_origin_a=&#8220;top_right&#8220; vertical_offset=&#8220;-20px&#8220; custom_margin=&#8220;20px|25px|||false|false&#8220; hover_enabled=&#8220;0&#8243; button_bg_color_tablet=&#8220;&#8220; button_bg_color_phone=&#8220;&#8220; button_bg_color_last_edited=&#8220;on|phone&#8220; button_border_color_last_edited=&#8220;off|phone&#8220; global_colors_info=&#8220;{}&#8220; button_text_color__hover_enabled=&#8220;on|hover&#8220; button_border_width__hover_enabled=&#8220;on|hover&#8220; button_border_color__hover_enabled=&#8220;on|hover&#8220; button_border_radius__hover_enabled=&#8220;on|hover&#8220; button_icon_color__hover_enabled=&#8220;on|hover&#8220; button_bg_color__hover_enabled=&#8220;on|hover&#8220; button_bg_color__hover=&#8220;RGBA(255,255,255,0)&#8220; button_bg_enable_color__hover=&#8220;on&#8220; button_border_color__hover=&#8220;#EDF000&#8243; button_text_color__hover=&#8220;#FFFFFF&#8220; button_border_width__hover=&#8220;3px&#8220; button_url=&#8220;@ET-DC@eyJkeW5hbWljIjp0cnVlLCJjb250ZW50IjoicG9zdF9saW5rX3VybF9wYWdlIiwic2V0dGluZ3MiOnsicG9zdF9pZCI6IjQ3OSJ9fQ==@&#8220; _dynamic_attributes=&#8220;button_url&#8220; sticky_enabled=&#8220;0&#8243;][\/et_pb_button][\/et_pb_column][\/et_pb_row][\/et_pb_section][et_pb_section fb_built=&#8220;1&#8243; admin_label=&#8220;Header&#8220; _builder_version=&#8220;4.27.4&#8243; _module_preset=&#8220;default&#8220; background_enable_color=&#8220;off&#8220; background_image=&#8220;https:\/\/my-testing-area.de\/wp-content\/uploads\/2025\/02\/Picture-1-e1739998739702.png&#8220; max_height=&#8220;300px&#8220; custom_padding=&#8220;10vw||10vw||true|false&#8220; collapsed=&#8220;on&#8220; global_colors_info=&#8220;{%22gcid-9d5d11f9-d654-432d-8206-34ad20a6d54e%22:%91%22background_color%22%93}&#8220;][et_pb_row _builder_version=&#8220;4.27.4&#8243; _module_preset=&#8220;default&#8220; global_colors_info=&#8220;{}&#8220;][et_pb_column type=&#8220;4_4&#8243; _builder_version=&#8220;4.27.4&#8243; _module_preset=&#8220;default&#8220; global_colors_info=&#8220;{}&#8220;][et_pb_heading title=&#8220;\u00dcber uns&#8220; _builder_version=&#8220;4.27.4&#8243; _module_preset=&#8220;default&#8220; title_font=&#8220;|700|||||||&#8220; title_text_align=&#8220;center&#8220; title_text_color=&#8220;#0b38bf&#8220; title_font_size=&#8220;52px&#8220; global_colors_info=&#8220;{}&#8220;][\/et_pb_heading][\/et_pb_column][\/et_pb_row][\/et_pb_section][et_pb_section fb_built=&#8220;1&#8243; admin_label=&#8220;\u00dcber uns&#8220; _builder_version=&#8220;4.27.4&#8243; _module_preset=&#8220;default&#8220; overflow-x=&#8220;hidden&#8220; overflow-y=&#8220;hidden&#8220; custom_margin=&#8220;||||false|false&#8220; custom_padding=&#8220;6px||4px|||&#8220; collapsed=&#8220;on&#8220; global_colors_info=&#8220;{}&#8220;][et_pb_row column_structure=&#8220;1_3,2_3&#8243; _builder_version=&#8220;4.27.4&#8243; _module_preset=&#8220;default&#8220; width=&#8220;95%&#8220; max_width=&#8220;95%&#8220; module_alignment=&#8220;center&#8220; custom_margin=&#8220;|auto|39px|auto||&#8220; global_colors_info=&#8220;{}&#8220;][et_pb_column type=&#8220;1_3&#8243; _builder_version=&#8220;4.27.4&#8243; _module_preset=&#8220;default&#8220; custom_padding=&#8220;||||false|false&#8220; global_colors_info=&#8220;{}&#8220;][et_pb_heading title=&#8220; Ein Familienunternehmen&#8220; _builder_version=&#8220;4.27.4&#8243; _module_preset=&#8220;default&#8220; title_font=&#8220;|700|||||||&#8220; title_text_align=&#8220;center&#8220; title_text_color=&#8220;#0b38bf&#8220; title_font_size=&#8220;31px&#8220; positioning=&#8220;none&#8220; custom_margin=&#8220;||4px|||&#8220; title_font_size_tablet=&#8220;41px&#8220; title_font_size_phone=&#8220;29px&#8220; title_font_size_last_edited=&#8220;on|phone&#8220; global_colors_info=&#8220;{}&#8220;][\/et_pb_heading][et_pb_image src=&#8220;https:\/\/my-testing-area.de\/wp-content\/uploads\/2025\/02\/Picture-1-1.png&#8220; title_text=&#8220;Picture 1&#8243; _builder_version=&#8220;4.27.4&#8243; _module_preset=&#8220;default&#8220; z_index=&#8220;241&#8243; width=&#8220;79%&#8220; width_tablet=&#8220;75%&#8220; width_phone=&#8220;80%&#8220; width_last_edited=&#8220;on|desktop&#8220; max_width_tablet=&#8220;&#8220; max_width_phone=&#8220;&#8220; max_width_last_edited=&#8220;on|phone&#8220; module_alignment=&#8220;left&#8220; custom_margin=&#8220;||0px||false|false&#8220; custom_margin_tablet=&#8220;||0px||false|false&#8220; custom_margin_phone=&#8220;||0px||false|false&#8220; custom_margin_last_edited=&#8220;on|desktop&#8220; custom_padding=&#8220;||||false|false&#8220; global_colors_info=&#8220;{}&#8220;][\/et_pb_image][\/et_pb_column][et_pb_column type=&#8220;2_3&#8243; _builder_version=&#8220;4.27.4&#8243; _module_preset=&#8220;default&#8220; custom_padding=&#8220;||||false|false&#8220; global_colors_info=&#8220;{}&#8220;][et_pb_text _builder_version=&#8220;4.27.4&#8243; _module_preset=&#8220;default&#8220; text_text_color=&#8220;#000000&#8243; text_font_size=&#8220;16px&#8220; header_4_font=&#8220;|800|||||||&#8220; header_4_text_color=&#8220;#0b38bf&#8220; header_4_font_size=&#8220;19px&#8220; hover_transition_duration=&#8220;1750ms&#8220; hover_transition_delay=&#8220;50ms&#8220; locked=&#8220;off&#8220; global_colors_info=&#8220;{}&#8220;]<\/p>\n<h4><b>Wir<\/b> <b>sind<\/b> <b>Ihr<\/b><b> Partner f\u00fcr <\/b><b>Neubau<\/b><b>, <\/b><b>aber<\/b> <b>auch<\/b> <b>Sanierungen<\/b><b>, <\/b><b>Anbauten<\/b><b> und <\/b><b>Aufstockungen<\/b><\/h4>\n<p><b><\/b><\/p>\n<p>Die Haubau-Agentur K\u00fcpper GmbH ist Ihr zuverl\u00e4ssiger Partner f\u00fcr hochwertiges Bauen aus einer Hand.<br \/>Seit 1998 entwickeln wir individuelle L\u00f6sungen f\u00fcr Ein- und Mehrfamilienh\u00e4user.<\/p>\n<p>Wir stehen f\u00fcr Qualit\u00e4t, Zuverl\u00e4ssigkeit und Regionalit\u00e4t &#8211; sowohl bei der technischen Ausf\u00fchrung\u00a0 als auch bei der organisatorischen Abwicklung und bis hin zur Schl\u00fcssel\u00fcbergabe.<br \/>Die Leidenschaft f\u00fcr das Bauen ist es, welche uns vorantreibt. Kein Bauvorhaben ist wie das andere und genau das bereitet uns richtig Spa\u00df.\u00a0 Die Tatsache, dass wir H\u00e4user in Holz- und Massivbauweise errichten lassen, gibt uns die M\u00f6glichkeit, Sie als Bauherren neutral und unabh\u00e4ngig zu beraten.<\/p>\n<p><b>Und <\/b><b>noch<\/b> <b>ein<\/b> <b>ganz<\/b> <b>wichtiger<\/b> <b>Punkt<\/b><b>:<\/b> Sollten Sie bereits eine Bestandsimmobilie haben, oder beabsichtigen Sie eine Immobilie zu kaufen und denken \u00fcber einen Abriss nach, dann sind Sie bei uns genau richtig.<br \/>Wir schauen uns das Objekt an und informieren Sie dar\u00fcber, ob eine Sanierung sinnvoll ist, oder doch \u00fcber ein\u00a0 ein Neubau nachgedacht werden sollte.<\/p>\n<p>Nun sind Sie dran: Lassen Sie uns \u00fcber Ihr Projekt reden. Es spielt keine Rolle, ob Sie noch am Anfang Ihrer Orientierungsphase stehen oder direkt zu einem Angebot kommen m\u00f6chten \u2013 es wird sich f\u00fcr Sie lohnen!<\/p>\n<p>[\/et_pb_text][\/et_pb_column][\/et_pb_row][\/et_pb_section]<\/p>\n","protected":false},"excerpt":{"rendered":"<p>Wir sind Ihr Partner f\u00fcr Neubau, aber auch Sanierungen, Anbauten und Aufstockungen Die Haubau-Agentur K\u00fcpper GmbH ist Ihr zuverl\u00e4ssiger Partner f\u00fcr hochwertiges Bauen aus einer Hand.Seit 1998 entwickeln wir individuelle L\u00f6sungen f\u00fcr Ein- und Mehrfamilienh\u00e4user. Wir stehen f\u00fcr Qualit\u00e4t, Zuverl\u00e4ssigkeit und Regionalit\u00e4t &#8211; sowohl bei der technischen Ausf\u00fchrung\u00a0 als auch bei der organisatorischen Abwicklung und [&hellip;]<\/p>\n","protected":false},"author":1,"featured_media":137,"parent":0,"menu_order":0,"comment_status":"closed","ping_status":"closed","template":"","meta":{"_et_pb_use_builder":"on","_et_pb_old_content":"","_et_gb_content_width":"","footnotes":""},"class_list":["post-56","page","type-page","status-publish","has-post-thumbnail","hentry"],"_links":{"self":[{"href":"https:\/\/my-testing-area.de\/index.php?rest_route=\/wp\/v2\/pages\/56","targetHints":{"allow":["GET"]}}],"collection":[{"href":"https:\/\/my-testing-area.de\/index.php?rest_route=\/wp\/v2\/pages"}],"about":[{"href":"https:\/\/my-testing-area.de\/index.php?rest_route=\/wp\/v2\/types\/page"}],"author":[{"embeddable":true,"href":"https:\/\/my-testing-area.de\/index.php?rest_route=\/wp\/v2\/users\/1"}],"replies":[{"embeddable":true,"href":"https:\/\/my-testing-area.de\/index.php?rest_route=%2Fwp%2Fv2%2Fcomments&post=56"}],"version-history":[{"count":67,"href":"https:\/\/my-testing-area.de\/index.php?rest_route=\/wp\/v2\/pages\/56\/revisions"}],"predecessor-version":[{"id":507,"href":"https:\/\/my-testing-area.de\/index.php?rest_route=\/wp\/v2\/pages\/56\/revisions\/507"}],"wp:featuredmedia":[{"embeddable":true,"href":"https:\/\/my-testing-area.de\/index.php?rest_route=\/wp\/v2\/media\/137"}],"wp:attachment":[{"href":"https:\/\/my-testing-area.de\/index.php?rest_route=%2Fwp%2Fv2%2Fmedia&parent=56"}],"curies":[{"name":"wp","href":"https:\/\/api.w.org\/{rel}","templated":true}]}}